{"id":38,"date":"2015-05-24T11:23:04","date_gmt":"2015-05-24T09:23:04","guid":{"rendered":"http:\/\/groschton.de\/?page_id=38"},"modified":"2024-07-29T22:02:42","modified_gmt":"2024-07-29T20:02:42","slug":"kontakt","status":"publish","type":"page","link":"http:\/\/groschton.de\/index.php\/kontakt\/","title":{"rendered":"Kontakt"},"content":{"rendered":"<h4 style=\"text-align: justify;\">Wenn Sie mich kontaktieren m\u00f6chten, k\u00f6nnen Sie dies gern \u00fcber folgendes Kontaktformular tun oder mir eine E-mail an die unten genannten Mailadresse schreiben:<\/h4>\n<div data-test='contact-form' id='contact-form-38' class='wp-block-jetpack-contact-form-container '>\n<form action='http:\/\/groschton.de\/index.php\/kontakt\/#contact-form-38' method='post' class='contact-form commentsblock'>\n<script>\n\t\t\t( function () {\n\t\t\t\tconst contact_forms = document.getElementsByClassName('contact-form');\n\n\t\t\t\tfor ( const form of contact_forms ) {\n\t\t\t\t\tform.onsubmit = function() {\n\t\t\t\t\t\tconst buttons = form.getElementsByTagName('button');\n\n\t\t\t\t\t\tfor( const button of buttons ) {\n\t\t\t\t\t\t\tbutton.setAttribute('disabled', true);\n\t\t\t\t\t\t}\n\t\t\t\t\t}\n\t\t\t\t}\n\t\t\t} )();\n\t\t<\/script>\n<div style=\"\" class='grunion-field-name-wrap grunion-field-wrap'  >\n<label\n\t\t\t\tfor='g38-name'\n\t\t\t\tclass='grunion-field-label name'>Name<span>(erforderlich)<\/span><\/label>\n<input\n\t\t\t\t\ttype='text'\n\t\t\t\t\tname='g38-name'\n\t\t\t\t\tid='g38-name'\n\t\t\t\t\tvalue=''\n\t\t\t\t\tclass='name  grunion-field' \n\t\t\t\t\trequired aria-required='true' \/>\n\t<\/div>\n\n<div style=\"\" class='grunion-field-email-wrap grunion-field-wrap'  >\n<label\n\t\t\t\tfor='g38-email'\n\t\t\t\tclass='grunion-field-label email'>E-Mail<span>(erforderlich)<\/span><\/label>\n<input\n\t\t\t\t\ttype='email'\n\t\t\t\t\tname='g38-email'\n\t\t\t\t\tid='g38-email'\n\t\t\t\t\tvalue=''\n\t\t\t\t\tclass='email  grunion-field' \n\t\t\t\t\trequired aria-required='true' \/>\n\t<\/div>\n\n<div style=\"\" class='grunion-field-textarea-wrap grunion-field-wrap'  >\n<label\n\t\t\t\tfor='contact-form-comment-g38-kommentar'\n\t\t\t\tclass='grunion-field-label textarea'>Kommentar<span>(erforderlich)<\/span><\/label>\n<textarea\n\t\t                style=''\n\t\t                name='g38-kommentar'\n\t\t                id='contact-form-comment-g38-kommentar'\n\t\t                rows='20' class='textarea  grunion-field'  required aria-required='true'><\/textarea>\n\t<\/div>\n\t<p class='contact-submit'>\n\t\t<button type='submit' class='pushbutton-wide'>Senden<\/button>\t\t<input type='hidden' name='contact-form-id' value='38' \/>\n\t\t<input type='hidden' name='action' value='grunion-contact-form' \/>\n\t\t<input type='hidden' name='contact-form-hash' value='0288d6df015b15071665430e2a4628d2ff24d5cb' \/>\n\t<\/p>\n<p style=\"display: none !important;\"><label>&#916;<textarea name=\"ak_hp_textarea\" cols=\"45\" rows=\"8\" maxlength=\"100\"><\/textarea><\/label><input type=\"hidden\" id=\"ak_js_1\" name=\"ak_js\" value=\"66\"\/><script>document.getElementById( \"ak_js_1\" ).setAttribute( \"value\", ( new Date() ).getTime() );<\/script><\/p><\/form>\n<\/div>\n<h5><\/h5>\n<h4>Mathias Grosch<\/h4>\n<h4>groschton musikproduktion<\/h4>\n<h4>mail: schreibmir@groschton.de<\/h4>\n","protected":false},"excerpt":{"rendered":"<p>Wenn Sie mich kontaktieren m\u00f6chten, k\u00f6nnen Sie dies gern \u00fcber folgendes Kontaktformular tun oder mir eine E-mail an die unten genannten Mailadresse schreiben: Mathias Grosch groschton musikproduktion mail: schreibmir@groschton.de<\/p>\n","protected":false},"author":1,"featured_media":0,"parent":0,"menu_order":0,"comment_status":"closed","ping_status":"open","template":"","meta":{"jetpack_post_was_ever_published":false},"yoast_head":"<!-- This site is optimized with the Yoast SEO plugin v14.4.1 - https:\/\/yoast.com\/wordpress\/plugins\/seo\/ -->\n<title>Kontakt - mathias grosch<\/title>\n<meta name=\"robots\" content=\"index, follow\" \/>\n<meta name=\"googlebot\" content=\"index, follow, max-snippet:-1, max-image-preview:large, max-video-preview:-1\" \/>\n<meta name=\"bingbot\" content=\"index, follow, max-snippet:-1, max-image-preview:large, max-video-preview:-1\" \/>\n<link rel=\"canonical\" href=\"http:\/\/groschton.de\/index.php\/kontakt\/\" \/>\n<meta property=\"og:locale\" content=\"de_DE\" \/>\n<meta property=\"og:type\" content=\"article\" \/>\n<meta property=\"og:title\" content=\"Kontakt - mathias grosch\" \/>\n<meta property=\"og:description\" content=\"Wenn Sie mich kontaktieren m\u00f6chten, k\u00f6nnen Sie dies gern \u00fcber folgendes Kontaktformular tun oder mir eine E-mail an die unten genannten Mailadresse schreiben: Mathias Grosch groschton musikproduktion mail: schreibmir@groschton.de\" \/>\n<meta property=\"og:url\" content=\"http:\/\/groschton.de\/index.php\/kontakt\/\" \/>\n<meta property=\"og:site_name\" content=\"mathias grosch\" \/>\n<meta property=\"article:modified_time\" content=\"2024-07-29T20:02:42+00:00\" \/>\n<meta name=\"twitter:card\" content=\"summary\" \/>\n<script type=\"application\/ld+json\" class=\"yoast-schema-graph\">{\"@context\":\"https:\/\/schema.org\",\"@graph\":[{\"@type\":\"WebSite\",\"@id\":\"http:\/\/groschton.de\/#website\",\"url\":\"http:\/\/groschton.de\/\",\"name\":\"mathias grosch\",\"description\":\"mail: schreibmir@groschton.de\",\"potentialAction\":[{\"@type\":\"SearchAction\",\"target\":\"http:\/\/groschton.de\/?s={search_term_string}\",\"query-input\":\"required name=search_term_string\"}],\"inLanguage\":\"de\"},{\"@type\":\"WebPage\",\"@id\":\"http:\/\/groschton.de\/index.php\/kontakt\/#webpage\",\"url\":\"http:\/\/groschton.de\/index.php\/kontakt\/\",\"name\":\"Kontakt - mathias grosch\",\"isPartOf\":{\"@id\":\"http:\/\/groschton.de\/#website\"},\"datePublished\":\"2015-05-24T09:23:04+00:00\",\"dateModified\":\"2024-07-29T20:02:42+00:00\",\"inLanguage\":\"de\",\"potentialAction\":[{\"@type\":\"ReadAction\",\"target\":[\"http:\/\/groschton.de\/index.php\/kontakt\/\"]}]}]}<\/script>\n<!-- \/ Yoast SEO plugin. -->","jetpack_sharing_enabled":true,"jetpack_shortlink":"https:\/\/wp.me\/P6eLWX-C","_links":{"self":[{"href":"http:\/\/groschton.de\/index.php\/wp-json\/wp\/v2\/pages\/38"}],"collection":[{"href":"http:\/\/groschton.de\/index.php\/wp-json\/wp\/v2\/pages"}],"about":[{"href":"http:\/\/groschton.de\/index.php\/wp-json\/wp\/v2\/types\/page"}],"author":[{"embeddable":true,"href":"http:\/\/groschton.de\/index.php\/wp-json\/wp\/v2\/users\/1"}],"replies":[{"embeddable":true,"href":"http:\/\/groschton.de\/index.php\/wp-json\/wp\/v2\/comments?post=38"}],"version-history":[{"count":10,"href":"http:\/\/groschton.de\/index.php\/wp-json\/wp\/v2\/pages\/38\/revisions"}],"predecessor-version":[{"id":1359,"href":"http:\/\/groschton.de\/index.php\/wp-json\/wp\/v2\/pages\/38\/revisions\/1359"}],"wp:attachment":[{"href":"http:\/\/groschton.de\/index.php\/wp-json\/wp\/v2\/media?parent=38"}],"curies":[{"name":"wp","href":"https:\/\/api.w.org\/{rel}","templated":true}]}}